{"id":85,"date":"2023-03-05T19:44:06","date_gmt":"2023-03-05T19:44:06","guid":{"rendered":"https:\/\/inclusivesport.on.worc.ac.uk\/?page_id=85"},"modified":"2023-03-07T11:42:42","modified_gmt":"2023-03-07T11:42:42","slug":"who-we-are","status":"publish","type":"page","link":"https:\/\/inclusivesport.on.worc.ac.uk\/index.php\/who-we-are\/","title":{"rendered":"Who we are"},"content":{"rendered":"\n<p>Inclusive Sport and Physical Activity Research Group and this Research Blog is coordinated by <a rel=\"noreferrer noopener\" href=\"https:\/\/www.worcester.ac.uk\/about\/profiles\/professor-gyozo-molnar\" target=\"_blank\">Prof. Gy\u0151z\u0151 Moln\u00e1r<\/a>, Drs <a rel=\"noreferrer noopener\" href=\"https:\/\/www.worcester.ac.uk\/about\/profiles\/dr-emma-richardson\" target=\"_blank\">Emma Richardson<\/a> and <a rel=\"noreferrer noopener\" href=\"https:\/\/www.worcester.ac.uk\/about\/profiles\/dr-christian-edwards\" target=\"_blank\">Christian Edwards<\/a>. For more information about other members and activities please visit the Inclusive Sport and Physical Activity Research Group web page <a rel=\"noreferrer noopener\" href=\"https:\/\/www.worcester.ac.uk\/about\/academic-schools\/school-of-sport-and-exercise-science\/sport-and-exercise-science-research\/inclusive-sport-and-physical-activity-research-group.aspx\" target=\"_blank\">here<\/a>. <\/p>\n","protected":false},"excerpt":{"rendered":"<p>Inclusive Sport and Physical Activity Research Group and this Research Blog is coordinated by Prof. Gy\u0151z\u0151 Moln\u00e1r, Drs Emma Richardson and Christian Edwards. For more information about other members and activities please visit the Inclusive Sport and Physical Activity Research Group web page here.<\/p>\n","protected":false},"author":3,"featured_media":0,"parent":0,"menu_order":0,"comment_status":"closed","ping_status":"closed","template":"","meta":{"footnotes":""},"class_list":["post-85","page","type-page","status-publish","hentry"],"jetpack-related-posts":[],"jetpack_sharing_enabled":true,"_links":{"self":[{"href":"https:\/\/inclusivesport.on.worc.ac.uk\/index.php\/wp-json\/wp\/v2\/pages\/85","targetHints":{"allow":["GET"]}}],"collection":[{"href":"https:\/\/inclusivesport.on.worc.ac.uk\/index.php\/wp-json\/wp\/v2\/pages"}],"about":[{"href":"https:\/\/inclusivesport.on.worc.ac.uk\/index.php\/wp-json\/wp\/v2\/types\/page"}],"author":[{"embeddable":true,"href":"https:\/\/inclusivesport.on.worc.ac.uk\/index.php\/wp-json\/wp\/v2\/users\/3"}],"replies":[{"embeddable":true,"href":"https:\/\/inclusivesport.on.worc.ac.uk\/index.php\/wp-json\/wp\/v2\/comments?post=85"}],"version-history":[{"count":3,"href":"https:\/\/inclusivesport.on.worc.ac.uk\/index.php\/wp-json\/wp\/v2\/pages\/85\/revisions"}],"predecessor-version":[{"id":114,"href":"https:\/\/inclusivesport.on.worc.ac.uk\/index.php\/wp-json\/wp\/v2\/pages\/85\/revisions\/114"}],"wp:attachment":[{"href":"https:\/\/inclusivesport.on.worc.ac.uk\/index.php\/wp-json\/wp\/v2\/media?parent=85"}],"curies":[{"name":"wp","href":"https:\/\/api.w.org\/{rel}","templated":true}]}}