{"id":34,"date":"2023-03-05T19:44:16","date_gmt":"2023-03-05T19:44:16","guid":{"rendered":"https:\/\/inclusivesport.on.worc.ac.uk\/?page_id=34"},"modified":"2023-03-05T19:44:16","modified_gmt":"2023-03-05T19:44:16","slug":"our-group-and-vision","status":"publish","type":"page","link":"https:\/\/inclusivesport.on.worc.ac.uk\/index.php\/our-group-and-vision\/","title":{"rendered":"Our Group and Vision"},"content":{"rendered":"\n<p>The Inclusive Sport and Physical Activity Research Group is a collective of passionate, supportive, community-oriented individuals, all working towards developing meaningful, ethically responsible, high-quality interdisciplinary research within and around the broad area of Inclusive Sport and Physical Activity.<\/p>\n\n\n\n<p><a rel=\"noreferrer noopener\" href=\"https:\/\/www.worcester.ac.uk\/about\/profiles\/professor-gyozo-molnar\" target=\"_blank\">Professor Gy\u0151z\u0151 Moln\u00e1r<\/a>&nbsp;leads the research group which consists of three key research themes: (1) Gender, Identity and the Body (led by&nbsp;<a rel=\"noreferrer noopener\" href=\"https:\/\/www.worcester.ac.uk\/about\/profiles\/dr-christian-edwards\" target=\"_blank\">Dr Christian Edwards<\/a>); (2) Inclusive Sports (led by&nbsp;<a rel=\"noreferrer noopener\" href=\"https:\/\/www.worcester.ac.uk\/about\/profiles\/dr-emma-richardson\" target=\"_blank\">Dr Emma Richardson<\/a>) and (3) Politics of Sport (led by&nbsp;<a rel=\"noreferrer noopener\" href=\"https:\/\/www.worcester.ac.uk\/about\/profiles\/professor-gyozo-molnar\" target=\"_blank\">Professor&nbsp;Gy\u0151z\u0151&nbsp;Moln\u00e1r<\/a>).<\/p>\n\n\n\n<p>Together these themes build a focused, contemporary and highly relevant research agenda based on collaboration and interdisciplinary practice, to integrate research scholarship in and beyond the School of Sport and Exercise Science at the University of Worcester.&nbsp;&nbsp;<\/p>\n\n\n\n<p>Researchers, practitioners&nbsp;and students in this group bring unique critical and global insights, knowledge(s) and experience regarding sport, exercise, physical activity and related areas, but have a shared vision of serving marginalised, disenfranchised and excluded communities.<\/p>\n\n\n\n<p><strong>Our Vision<\/strong><\/p>\n\n\n\n<p>The vision of the Inclusive Sport and Physical Activity Research Group is to serve<br>marginalized, disenfranchised and excluded communities through excellent research, practice and teaching. This will be done by providing ethically responsible and culturally sensitive critiques of practice, existing inequities and inequalities, and creating opportunities for participation and empowerment through sharing our work within academic and non-academic communities. <\/p>\n\n\n\n<p>By critiquing research and practice embedded in traditional Western-based power imbalances, highlighting of powerlessness,&nbsp;challenging inequities and inequalities, and creating opportunities for participation, reflection and empowerment, the Inclusive Sport and Physical Activity Research Group work to not only extend, translate and transfer knowledge, but to have a direct and positive impact on the communities they wish to serve.<\/p>\n\n\n\n<p><\/p>\n","protected":false},"excerpt":{"rendered":"<p>The Inclusive Sport and Physical Activity Research Group is a collective of passionate, supportive, community-oriented individuals, all working towards developing meaningful, ethically responsible, high-quality interdisciplinary research within and around the broad area of Inclusive Sport and Physical Activity. Professor Gy\u0151z\u0151 Moln\u00e1r&nbsp;leads the research group which consists of three key research themes: (1) Gender, Identity and [&hellip;]<\/p>\n","protected":false},"author":3,"featured_media":0,"parent":0,"menu_order":2,"comment_status":"closed","ping_status":"closed","template":"","meta":{"footnotes":""},"class_list":["post-34","page","type-page","status-publish","hentry"],"jetpack-related-posts":[],"jetpack_sharing_enabled":true,"_links":{"self":[{"href":"https:\/\/inclusivesport.on.worc.ac.uk\/index.php\/wp-json\/wp\/v2\/pages\/34","targetHints":{"allow":["GET"]}}],"collection":[{"href":"https:\/\/inclusivesport.on.worc.ac.uk\/index.php\/wp-json\/wp\/v2\/pages"}],"about":[{"href":"https:\/\/inclusivesport.on.worc.ac.uk\/index.php\/wp-json\/wp\/v2\/types\/page"}],"author":[{"embeddable":true,"href":"https:\/\/inclusivesport.on.worc.ac.uk\/index.php\/wp-json\/wp\/v2\/users\/3"}],"replies":[{"embeddable":true,"href":"https:\/\/inclusivesport.on.worc.ac.uk\/index.php\/wp-json\/wp\/v2\/comments?post=34"}],"version-history":[{"count":5,"href":"https:\/\/inclusivesport.on.worc.ac.uk\/index.php\/wp-json\/wp\/v2\/pages\/34\/revisions"}],"predecessor-version":[{"id":84,"href":"https:\/\/inclusivesport.on.worc.ac.uk\/index.php\/wp-json\/wp\/v2\/pages\/34\/revisions\/84"}],"wp:attachment":[{"href":"https:\/\/inclusivesport.on.worc.ac.uk\/index.php\/wp-json\/wp\/v2\/media?parent=34"}],"curies":[{"name":"wp","href":"https:\/\/api.w.org\/{rel}","templated":true}]}}